{"id":5253,"date":"2023-02-24T08:34:03","date_gmt":"2023-02-24T08:34:03","guid":{"rendered":"https:\/\/novsus.com\/?page_id=5253"},"modified":"2023-02-24T08:55:16","modified_gmt":"2023-02-24T08:55:16","slug":"politique-de-cookies","status":"publish","type":"page","link":"https:\/\/novsus.com\/fr\/politique-de-cookies\/","title":{"rendered":"Politique de Cookies"},"content":{"rendered":"<p>Ce site utilise des cookies lui-m\u00eame et des tiers pour offrir une meilleure exp\u00e9rience et un meilleur service. Lorsque vous naviguez ou utilisez nos services, vous acceptez notre utilisation des cookies. Cependant, l&rsquo;utilisateur a la possibilit\u00e9 d&#8217;emp\u00eacher la g\u00e9n\u00e9ration de cookies et de les supprimer en s\u00e9lectionnant l&rsquo;option appropri\u00e9e dans votre navigateur. Si bloquer l&rsquo;utilisation de cookies sur votre navigateur peut entra\u00eener certains services ou fonctionnalit\u00e9s du site peuvent ne pas \u00eatre disponibles.<\/p>\n<h4>Comment les cookies sont-ils utilis\u00e9s?<\/h4>\n<p>En naviguant sur ce site, vous acceptez que vous puissiez installer des cookies sur votre terminal et nous fournir les informations suivantes:<\/p>\n<p>Informations statistiques sur l&rsquo;utilisation du Web.<br \/>\nL&rsquo;utilisateur &lsquo;connect\u00e9&rsquo; pour maintenir la session active sur le Web.<br \/>\nLe format de l&rsquo;acc\u00e8s Web pr\u00e9f\u00e9r\u00e9 \u00e0 partir d&rsquo;appareils mobiles.<br \/>\nDerni\u00e8res recherches sur les services Web et les services de personnalisation des donn\u00e9es.<br \/>\nInformations sur les annonces affich\u00e9es pour l&rsquo;utilisateur.<br \/>\nInformations d&rsquo;enqu\u00eate auxquelles l&rsquo;utilisateur a particip\u00e9.<br \/>\nConnectivit\u00e9 des donn\u00e9es aux r\u00e9seaux sociaux pour les utilisateurs acc\u00e9dant \u00e0 vos utilisateurs Facebook ou Twitter.<br \/>\nTypes de cookies utilis\u00e9s<\/p>\n<p>Ce site utilise des cookies temporaires pour les cookies de session et persistants. Les cookies stockent les donn\u00e9es de session uniquement pendant que l&rsquo;utilisateur acc\u00e8de au Web et les cookies permanents stock\u00e9s dans les donn\u00e9es du terminal doivent \u00eatre consult\u00e9s et utilis\u00e9s dans plusieurs sessions.<\/p>\n<p>Selon les finalit\u00e9s du traitement des donn\u00e9es collect\u00e9es par le biais de cookies, le Web peut utiliser:<\/p>\n<p><strong>Cookies techniques<\/strong><\/p>\n<p>Sont ceux qui permettent \u00e0 l\u2019utilisateur de naviguer sur le site Web ou l\u2019application et d\u2019utiliser diff\u00e9rentes options ou services sur le site. Par exemple, contr\u00f4ler le trafic et la communication de donn\u00e9es, identifier la session, acc\u00e9der aux composants WebPart restreints, m\u00e9moriser les \u00e9l\u00e9ments d&rsquo;une commande, faire une demande d&rsquo;enregistrement ou de participation \u00e0 un \u00e9v\u00e9nement, utiliser les fonctionnalit\u00e9s de s\u00e9curit\u00e9 pour la navigation et stocker le contenu pour la diffusion de contenu vid\u00e9o ou audio.<\/p>\n","protected":false},"excerpt":{"rendered":"<p>Ce site utilise des cookies lui-m\u00eame et des tiers pour offrir une meilleure exp\u00e9rience et un meilleur service. Lorsque vous naviguez ou utilisez nos services, vous acceptez notre utilisation des cookies. Cependant, l&rsquo;utilisateur a la possibilit\u00e9 d&#8217;emp\u00eacher la g\u00e9n\u00e9ration de cookies et de les supprimer en s\u00e9lectionnant l&rsquo;option appropri\u00e9e dans votre navigateur. Si bloquer l&rsquo;utilisation [&hellip;]<\/p>\n","protected":false},"author":2,"featured_media":0,"parent":0,"menu_order":0,"comment_status":"closed","ping_status":"open","template":"","meta":{"footnotes":""},"class_list":["post-5253","page","type-page","status-publish","hentry"],"yoast_head":"<!-- This site is optimized with the Yoast SEO plugin v20.3 - https:\/\/yoast.com\/wordpress\/plugins\/seo\/ -->\n<title>Politique de Cookies - Novsus<\/title>\n<meta name=\"robots\" content=\"index, follow, max-snippet:-1, max-image-preview:large, max-video-preview:-1\" \/>\n<link rel=\"canonical\" href=\"https:\/\/novsus.com\/fr\/politique-de-cookies\/\" \/>\n<meta property=\"og:locale\" content=\"fr_FR\" \/>\n<meta property=\"og:type\" content=\"article\" \/>\n<meta property=\"og:title\" content=\"Politique de Cookies - Novsus\" \/>\n<meta property=\"og:description\" content=\"Ce site utilise des cookies lui-m\u00eame et des tiers pour offrir une meilleure exp\u00e9rience et un meilleur service. Lorsque vous naviguez ou utilisez nos services, vous acceptez notre utilisation des cookies. Cependant, l&rsquo;utilisateur a la possibilit\u00e9 d&#8217;emp\u00eacher la g\u00e9n\u00e9ration de cookies et de les supprimer en s\u00e9lectionnant l&rsquo;option appropri\u00e9e dans votre navigateur. Si bloquer l&rsquo;utilisation [&hellip;]\" \/>\n<meta property=\"og:url\" content=\"https:\/\/novsus.com\/fr\/politique-de-cookies\/\" \/>\n<meta property=\"og:site_name\" content=\"Novsus\" \/>\n<meta property=\"article:modified_time\" content=\"2023-02-24T08:55:16+00:00\" \/>\n<meta name=\"twitter:card\" content=\"summary_large_image\" \/>\n<meta name=\"twitter:label1\" content=\"Dur\u00e9e de lecture estim\u00e9e\" \/>\n\t<meta name=\"twitter:data1\" content=\"2 minutes\" \/>\n<script type=\"application\/ld+json\" class=\"yoast-schema-graph\">{\"@context\":\"https:\/\/schema.org\",\"@graph\":[{\"@type\":\"WebPage\",\"@id\":\"https:\/\/novsus.com\/fr\/politique-de-cookies\/\",\"url\":\"https:\/\/novsus.com\/fr\/politique-de-cookies\/\",\"name\":\"Politique de Cookies - Novsus\",\"isPartOf\":{\"@id\":\"https:\/\/novsus.com\/#website\"},\"datePublished\":\"2023-02-24T08:34:03+00:00\",\"dateModified\":\"2023-02-24T08:55:16+00:00\",\"breadcrumb\":{\"@id\":\"https:\/\/novsus.com\/fr\/politique-de-cookies\/#breadcrumb\"},\"inLanguage\":\"fr-FR\",\"potentialAction\":[{\"@type\":\"ReadAction\",\"target\":[\"https:\/\/novsus.com\/fr\/politique-de-cookies\/\"]}]},{\"@type\":\"BreadcrumbList\",\"@id\":\"https:\/\/novsus.com\/fr\/politique-de-cookies\/#breadcrumb\",\"itemListElement\":[{\"@type\":\"ListItem\",\"position\":1,\"name\":\"Portada\",\"item\":\"https:\/\/novsus.com\/fr\/\"},{\"@type\":\"ListItem\",\"position\":2,\"name\":\"Politique de Cookies\"}]},{\"@type\":\"WebSite\",\"@id\":\"https:\/\/novsus.com\/#website\",\"url\":\"https:\/\/novsus.com\/\",\"name\":\"Novsus\",\"description\":\"\",\"publisher\":{\"@id\":\"https:\/\/novsus.com\/#organization\"},\"potentialAction\":[{\"@type\":\"SearchAction\",\"target\":{\"@type\":\"EntryPoint\",\"urlTemplate\":\"https:\/\/novsus.com\/?s={search_term_string}\"},\"query-input\":\"required name=search_term_string\"}],\"inLanguage\":\"fr-FR\"},{\"@type\":\"Organization\",\"@id\":\"https:\/\/novsus.com\/#organization\",\"name\":\"Novsus\",\"url\":\"https:\/\/novsus.com\/\",\"logo\":{\"@type\":\"ImageObject\",\"inLanguage\":\"fr-FR\",\"@id\":\"https:\/\/novsus.com\/#\/schema\/logo\/image\/\",\"url\":\"https:\/\/novsus.com\/wp-content\/uploads\/2023\/01\/Logo.png\",\"contentUrl\":\"https:\/\/novsus.com\/wp-content\/uploads\/2023\/01\/Logo.png\",\"width\":1837,\"height\":424,\"caption\":\"Novsus\"},\"image\":{\"@id\":\"https:\/\/novsus.com\/#\/schema\/logo\/image\/\"}}]}<\/script>\n<!-- \/ Yoast SEO plugin. -->","yoast_head_json":{"title":"Politique de Cookies - Novsus","robots":{"index":"index","follow":"follow","max-snippet":"max-snippet:-1","max-image-preview":"max-image-preview:large","max-video-preview":"max-video-preview:-1"},"canonical":"https:\/\/novsus.com\/fr\/politique-de-cookies\/","og_locale":"fr_FR","og_type":"article","og_title":"Politique de Cookies - Novsus","og_description":"Ce site utilise des cookies lui-m\u00eame et des tiers pour offrir une meilleure exp\u00e9rience et un meilleur service. Lorsque vous naviguez ou utilisez nos services, vous acceptez notre utilisation des cookies. Cependant, l&rsquo;utilisateur a la possibilit\u00e9 d&#8217;emp\u00eacher la g\u00e9n\u00e9ration de cookies et de les supprimer en s\u00e9lectionnant l&rsquo;option appropri\u00e9e dans votre navigateur. Si bloquer l&rsquo;utilisation [&hellip;]","og_url":"https:\/\/novsus.com\/fr\/politique-de-cookies\/","og_site_name":"Novsus","article_modified_time":"2023-02-24T08:55:16+00:00","twitter_card":"summary_large_image","twitter_misc":{"Dur\u00e9e de lecture estim\u00e9e":"2 minutes"},"schema":{"@context":"https:\/\/schema.org","@graph":[{"@type":"WebPage","@id":"https:\/\/novsus.com\/fr\/politique-de-cookies\/","url":"https:\/\/novsus.com\/fr\/politique-de-cookies\/","name":"Politique de Cookies - Novsus","isPartOf":{"@id":"https:\/\/novsus.com\/#website"},"datePublished":"2023-02-24T08:34:03+00:00","dateModified":"2023-02-24T08:55:16+00:00","breadcrumb":{"@id":"https:\/\/novsus.com\/fr\/politique-de-cookies\/#breadcrumb"},"inLanguage":"fr-FR","potentialAction":[{"@type":"ReadAction","target":["https:\/\/novsus.com\/fr\/politique-de-cookies\/"]}]},{"@type":"BreadcrumbList","@id":"https:\/\/novsus.com\/fr\/politique-de-cookies\/#breadcrumb","itemListElement":[{"@type":"ListItem","position":1,"name":"Portada","item":"https:\/\/novsus.com\/fr\/"},{"@type":"ListItem","position":2,"name":"Politique de Cookies"}]},{"@type":"WebSite","@id":"https:\/\/novsus.com\/#website","url":"https:\/\/novsus.com\/","name":"Novsus","description":"","publisher":{"@id":"https:\/\/novsus.com\/#organization"},"potentialAction":[{"@type":"SearchAction","target":{"@type":"EntryPoint","urlTemplate":"https:\/\/novsus.com\/?s={search_term_string}"},"query-input":"required name=search_term_string"}],"inLanguage":"fr-FR"},{"@type":"Organization","@id":"https:\/\/novsus.com\/#organization","name":"Novsus","url":"https:\/\/novsus.com\/","logo":{"@type":"ImageObject","inLanguage":"fr-FR","@id":"https:\/\/novsus.com\/#\/schema\/logo\/image\/","url":"https:\/\/novsus.com\/wp-content\/uploads\/2023\/01\/Logo.png","contentUrl":"https:\/\/novsus.com\/wp-content\/uploads\/2023\/01\/Logo.png","width":1837,"height":424,"caption":"Novsus"},"image":{"@id":"https:\/\/novsus.com\/#\/schema\/logo\/image\/"}}]}},"_links":{"self":[{"href":"https:\/\/novsus.com\/fr\/wp-json\/wp\/v2\/pages\/5253","targetHints":{"allow":["GET"]}}],"collection":[{"href":"https:\/\/novsus.com\/fr\/wp-json\/wp\/v2\/pages"}],"about":[{"href":"https:\/\/novsus.com\/fr\/wp-json\/wp\/v2\/types\/page"}],"author":[{"embeddable":true,"href":"https:\/\/novsus.com\/fr\/wp-json\/wp\/v2\/users\/2"}],"replies":[{"embeddable":true,"href":"https:\/\/novsus.com\/fr\/wp-json\/wp\/v2\/comments?post=5253"}],"version-history":[{"count":1,"href":"https:\/\/novsus.com\/fr\/wp-json\/wp\/v2\/pages\/5253\/revisions"}],"predecessor-version":[{"id":5254,"href":"https:\/\/novsus.com\/fr\/wp-json\/wp\/v2\/pages\/5253\/revisions\/5254"}],"wp:attachment":[{"href":"https:\/\/novsus.com\/fr\/wp-json\/wp\/v2\/media?parent=5253"}],"curies":[{"name":"wp","href":"https:\/\/api.w.org\/{rel}","templated":true}]}}