{"id":5247,"date":"2023-02-24T08:02:46","date_gmt":"2023-02-24T08:02:46","guid":{"rendered":"https:\/\/novsus.com\/?page_id=5247"},"modified":"2023-04-13T13:01:15","modified_gmt":"2023-04-13T13:01:15","slug":"conseils-juridiques","status":"publish","type":"page","link":"https:\/\/novsus.com\/fr\/conseils-juridiques\/","title":{"rendered":"Conseils Juridiques"},"content":{"rendered":"<p>Afin de respecter l\u2019article 10 de la loi 34\/2002 sur les services de la soci\u00e9t\u00e9 de l\u2019information et du commerce \u00e9lectronique, nous informerons les utilisateurs des donn\u00e9es suivantes:<\/p>\n<p><strong>Nom de la soci\u00e9t\u00e9:<\/strong> JANEL\u00b4S I NEVIU, S.L.<br \/>\n<strong>Adresse de la soci\u00e9t\u00e9:<\/strong> \u00a0C\/ Sabino \u00a0Arana, 14-16\u00a0 Plta. 12\u00aa \u00a01\u00ba, 08028, (Barcelone)<br \/>\n<strong>Num\u00e9ro d&rsquo;identification fiscale:<\/strong> B61312807<br \/>\n<strong>T\u00e9l\u00e9phone:<\/strong> 933002627<br \/>\n<strong>Courriel:<\/strong> fina.moreno@ataviance.com<br \/>\n<strong>Site web:<\/strong> www.ataviance.com<br \/>\n<strong>Donn\u00e9es d\u2019enregistrement:<\/strong> JANEL\u2019S I NEVIU, S.L .. Inscrit au Registro Mercantil de Barcelone, volume 29664, page 157, feuille B-159010, 1re inscription, 20-2-97<\/p>\n<h4>1. OBJET DU CONTRAT<\/h4>\n<p><strong>JANEL\u00b4S I NEVIU, S.L.<\/strong> (ci-apr\u00e8s, le fournisseur), en tant qu&rsquo;entit\u00e9 responsable du site Web, fournit ce document aux utilisateurs, qui r\u00e9git l&rsquo;utilisation du site Web www.ataviance.com, en vertu duquel nous avons l&rsquo;intention de respecter les obligations \u00e9nonc\u00e9es dans la Loi. 34 \/ 2002 pour les services de la soci\u00e9t\u00e9 de l&rsquo;information et du commerce \u00e9lectronique (LSSICE ou LSSI), ainsi que pour informer tous les utilisateurs des conditions d&rsquo;utilisation du site Web.<br \/>\n\u00c0 travers le Web,<strong> JANEL\u00b4S I NEVIU, S.L.<\/strong> permet aux utilisateurs d&rsquo;acc\u00e9der \u00e0 diff\u00e9rents services et contenus mis \u00e0 disposition sur le Web et de les utiliser.<br \/>\nToute personne acc\u00e9dant \u00e0 ce site Web assume le r\u00f4le d&rsquo;utilisateur (ci-apr\u00e8s, l&rsquo;utilisateur), ce qui implique par cons\u00e9quent l&rsquo;acceptation pleine et sans r\u00e9serve de chacune des dispositions contenues dans le pr\u00e9sent avis l\u00e9gal, ainsi que de toute autre disposition l\u00e9gale d&rsquo;application<br \/>\nEn tant qu&rsquo;utilisateur, vous devez lire attentivement le pr\u00e9sent avis juridique pour toutes les occasions auxquelles vous acc\u00e9dez au Web, car il peut y avoir des modifications, \u00e9tant donn\u00e9 que le fournisseur se r\u00e9serve le droit de modifier tout type d&rsquo;informations pouvant appara\u00eetre sur le Web. sans avoir \u00e0 pr\u00e9venir ou informer les utilisateurs de ces obligations, il ne suffit que de la simple publication sur le site Web du fournisseur.<\/p>\n<h4>2. CONDITIONS D&rsquo;ACCES I UTILISATION DU WEB<\/h4>\n<p><strong>2.1. Acc\u00e8s gratuit et utilisation du Web<\/strong><br \/>\nLa fourniture de services par <strong>JANEL\u00b4S I NEVIU, S.L.<\/strong> est gratuit pour tous les utilisateurs. Toutefois, certains services fournis par le fournisseur via le Web sont soumis au paiement d\u2019un prix sp\u00e9cifique par le biais du contrat de conditions g\u00e9n\u00e9rales.<\/p>\n<p><strong>2.2. Enregistrement de l&rsquo;utilisateur<\/strong><br \/>\nEn r\u00e8gle g\u00e9n\u00e9rale, la prestation des services ne n\u00e9cessite pas d\u2019abonnement ni d\u2019enregistrement pr\u00e9alable des utilisateurs. Malgr\u00e9 tout, <strong>JANEL\u00b4S I NEVIU, S.L.<\/strong> conditionne l&rsquo;utilisation de certains des services que si l&rsquo;utilisateur a pr\u00e9alablement rempli le formulaire d&rsquo;inscription de l&rsquo;utilisateur correspondant. Cette inscription doit \u00eatre compl\u00e9t\u00e9e de la mani\u00e8re express\u00e9ment indiqu\u00e9e dans la section des services elle-m\u00eame.<\/p>\n<p><strong>2.3. Exactitude et v\u00e9racit\u00e9 de l&rsquo;information<\/strong><br \/>\nToutes les informations fournies par l&rsquo;utilisateur doivent \u00eatre exactes et v\u00e9ridiques. \u00c0 ces fins, l&rsquo;utilisateur garantit l&rsquo;authenticit\u00e9 des donn\u00e9es fournies via les formulaires de souscription aux services. Il incombe \u00e0 l&rsquo;utilisateur de conserver toutes les informations fournies \u00e0 <strong>JANEL\u00b4S I NEVIU, S.L.<\/strong> constamment mis \u00e0 jour de mani\u00e8re \u00e0 refl\u00e9ter, \u00e0 tout moment, leur situation actuelle. En tout \u00e9tat de cause, l&rsquo;utilisateur sera seul responsable des d\u00e9clarations fausses ou inexactes fournies par lui, ainsi que des dommages pouvant en r\u00e9sulter pour le fournisseur ou des tiers.<\/p>\n<p><strong>2.4. Mineurs<\/strong><br \/>\nPour utiliser les services, les mineurs doivent toujours obtenir le consentement pr\u00e9alable de leurs parents, tuteurs ou repr\u00e9sentants l\u00e9gaux, qui sont responsables en dernier ressort de tous les actes accomplis par ces mineurs sous leur responsabilit\u00e9. Ils sont \u00e9galement charg\u00e9s de d\u00e9terminer les contenus sp\u00e9cifiques auxquels les mineurs ont acc\u00e8s, c&rsquo;est-\u00e0-dire qu&rsquo;en cas d&rsquo;acc\u00e8s mineur \u00e0 un contenu inadapt\u00e9 via Internet, ils devront \u00e9tablir des m\u00e9canismes dans leurs ordinateurs, notamment des programmes informatiques, des filtres et des blocs, qui sont: destin\u00e9s \u00e0 limiter le contenu disponible et, bien qu\u2019ils ne soient pas infaillibles, ils sont d\u2019une utilit\u00e9 particuli\u00e8re pour contr\u00f4ler et restreindre les mat\u00e9riaux auxquels des mineurs peuvent \u00eatre expos\u00e9s.<\/p>\n<p><strong>2.5. Obligation d&rsquo;utiliser correctement le Web<\/strong><br \/>\nL&rsquo;utilisateur accepte d&rsquo;utiliser le site Web conform\u00e9ment \u00e0 la loi et au pr\u00e9sent avis juridique, ainsi qu&rsquo;\u00e0 la moralit\u00e9 et aux bonnes coutumes. \u00c0 cette fin, l&rsquo;utilisateur s&rsquo;abstiendra d&rsquo;utiliser la page \u00e0 des fins ill\u00e9gales ou interdites, et \/ ou pr\u00e9judiciables aux droits et int\u00e9r\u00eats de tiers, et \/ ou qui pourraient en aucune mani\u00e8re endommager, d\u00e9sactiver, surcharger, d\u00e9t\u00e9riorer ou emp\u00eacher l&rsquo;utilisation normale d&rsquo;\u00e9quipements ou de documents informatiques, de fichiers et de toutes sortes de contenus stock\u00e9s sur tout \u00e9quipement informatique du fournisseur.<br \/>\nA titre indicatif mais non limitatif, l&rsquo;Utilisateur s&rsquo;engage \u00e0 ne pas transmettre, diffuser ou mettre \u00e0 la disposition de tiers des informations, donn\u00e9es, contenus, messages, graphiques, dessins, fichiers audio ou images, photographies, enregistrements, logiciels et, en g\u00e9n\u00e9ral, tout type de mat\u00e9riel qui:<br \/>\n(a) est contraire, m\u00e9prise ou tente de violer les droits fondamentaux et les libert\u00e9s publiques reconnus par la Constitution espagnole, les trait\u00e9s internationaux et les autres lois applicables en vigueur;<br \/>\n(b) incite, encourage ou encourage des actions p\u00e9nales, d\u00e9gradantes, diffamatoires, violentes ou, en g\u00e9n\u00e9ral, contraires<br \/>\n(c) inciter, inciter ou promouvoir des actions, attitudes ou pens\u00e9es discriminatoires fond\u00e9es sur le sexe, la race, la religion, les convictions, l&rsquo;\u00e2ge ou la condition;<br \/>\n(d) est contraire aux droits relatifs \u00e0 l&rsquo;honneur, \u00e0 la vie priv\u00e9e, personnelle ou familiale ou \u00e0 la propre image de la personne;<br \/>\n(e) porte atteinte de quelque mani\u00e8re que ce soit \u00e0 la cr\u00e9dibilit\u00e9 du fournisseur ou de tiers; et<br \/>\n(f) constitue de la publicit\u00e9 illicite, trompeuse ou d\u00e9loyale.<\/p>\n<h4>3.- EXCLUSION DE GARANTIES ET DE RESPONSABILIT\u00c9<\/h4>\n<p>Le fournisseur est exempt de toute responsabilit\u00e9 d\u00e9coulant des informations publi\u00e9es sur notre site Web, \u00e0 condition que ces informations aient \u00e9t\u00e9 manipul\u00e9es ou introduites par un tiers.<br \/>\nCe site Web a \u00e9t\u00e9 r\u00e9vis\u00e9 et test\u00e9 pour fonctionner correctement. En principe, son fonctionnement correct peut \u00eatre garanti 365 jours par an et 24 heures par jour. Toutefois, le fournisseur n&rsquo;exclut pas la possibilit\u00e9 qu&rsquo;il puisse y avoir certaines erreurs de programmation, ni que des causes de force majeure, des catastrophes naturelles, des gr\u00e8ves ou des circonstances similaires aient emp\u00each\u00e9 l&rsquo;acc\u00e8s au site Web.<br \/>\n<strong>JANEL\u00b4S I NEVIU, S.L.<\/strong> n&rsquo;accorde aucune garantie et n&rsquo;est en aucun cas responsable de tout dommage de quelque nature que ce soit qui pourrait r\u00e9sulter du manque de disponibilit\u00e9, de maintenance et du fonctionnement efficace du site Web ou de ses services et contenus; de l&rsquo;existence de virus, de programmes malveillants ou de contenus nuisibles; d&rsquo;utilisation illicite, par n\u00e9gligence, frauduleuse ou contraire au pr\u00e9sent avis juridique et aux conditions d&rsquo;utilisation; ou le manque de l\u00e9galit\u00e9, de qualit\u00e9, de fiabilit\u00e9, d&rsquo;utilit\u00e9 et de disponibilit\u00e9 des services fournis par des tiers et des requ\u00eates disponibles pour les utilisateurs sur le site Web.<br \/>\nLe fournisseur n&rsquo;est en aucun cas responsable des dommages pouvant r\u00e9sulter de l&rsquo;utilisation ill\u00e9gale ou inappropri\u00e9e de ce site.<\/p>\n<h4>4.- COOKIES<\/h4>\n<p>Le site Web du fournisseur peut utiliser des cookies (petits fichiers d\u2019informations que le serveur envoie \u00e0 l\u2019ordinateur de la personne acc\u00e9dant \u00e0 la page) pour s\u2019acquitter de certaines fonctions jug\u00e9es essentielles pour le bon fonctionnement et la bonne visualisation du site Web. Les cookies utilis\u00e9s ont, dans tous les cas, un caract\u00e8re temporaire, dans le seul but de rendre la navigation plus efficace, et ils doivent dispara\u00eetre \u00e0 la fin de la session de l&rsquo;utilisateur.<br \/>\nLes cookies ne seront en aucun cas utilis\u00e9s pour collecter des informations personnelles.<br \/>\nPour plus d&rsquo;informations, consultez notre politique de cookies.<\/p>\n<h4>5.- LIENS<\/h4>\n<p>\u00c0 partir du site Web, vous pouvez \u00eatre redirig\u00e9 vers un contenu tiers. Comme il n\u2019est pas toujours possible de contr\u00f4ler le contenu saisi par des tiers, <strong>JANEL\u00b4S I NEVIU, S.L.<\/strong> n&rsquo;assume aucune responsabilit\u00e9 quant \u00e0 ces contenus. En tout \u00e9tat de cause, le fournisseur d\u00e9clare entreprendre le retrait imm\u00e9diat de tout contenu susceptible de contrevenir aux lois nationales ou internationales, \u00e0 la moralit\u00e9 ou \u00e0 l&rsquo;ordre public, en proc\u00e9dant \u00e9galement au retrait imm\u00e9diat de la redirection vers ces sites Web, ainsi qu&rsquo;en informant les autorit\u00e9s comp\u00e9tentes du contenu en question.<br \/>\nLe fournisseur n&rsquo;est pas responsable des informations et du contenu stock\u00e9 pouvant \u00eatre inclus mais ne se limitant pas aux forums, chats, g\u00e9n\u00e9rateurs de blogs, commentaires, r\u00e9seaux sociaux ou tout autre moyen permettant \u00e0 des tiers de publier de mani\u00e8re ind\u00e9pendante le contenu du site Web du fournisseur. Cependant, et conform\u00e9ment aux dispositions de l&rsquo;art. 11 et 16 de la loi LSSICE (loi sur la soci\u00e9t\u00e9 de l&rsquo;information et le commerce \u00e9lectronique en Espagne), le fournisseur s&rsquo;engage \u00e0 \u00eatre \u00e0 la disposition de tous les utilisateurs, autorit\u00e9s et forces de s\u00e9curit\u00e9, afin de collaborer activement au retrait ou, le cas \u00e9ch\u00e9ant, au blocage de tout contenu peut affecter ou contrevenir aux lois nationales ou internationales, aux droits de tiers ou aux fins de la moralit\u00e9 et de l&rsquo;ordre public. Dans le cas o\u00f9 l&rsquo;utilisateur estime qu&rsquo;un contenu pourrait \u00eatre sujet \u00e0 cette classification, il doit imm\u00e9diatement en informer l&rsquo;administrateur du site Web.<\/p>\n<h4>6.- PROTECTION DES DONN\u00c9ES PERSONNELLES<\/h4>\n<p>Le fournisseur est profond\u00e9ment attach\u00e9 au respect de la r\u00e9glementation en mati\u00e8re de protection des donn\u00e9es \u00e0 caract\u00e8re personnel et garantit le respect total des obligations \u00e9nonc\u00e9es dans ce r\u00e8glement, ce qui inclut \u00e9galement la mise en \u0153uvre des mesures de s\u00e9curit\u00e9 \u00e9tablies dans le r\u00e8glement europ\u00e9en sur la protection des donn\u00e9es et dans la r\u00e9glementation espagnole sur la protection des donn\u00e9es. Pour plus d&rsquo;informations, consultez notre politique de confidentialit\u00e9.<\/p>\n<h4>7. R\u00c9SEAUX SOCIAUX<\/h4>\n<p>Nous vous informons que <strong>JANEL\u00b4S I NEVIU, S.L.<\/strong> peut \u00eatre pr\u00e9sent dans les r\u00e9seaux sociaux. Le traitement des donn\u00e9es que les utilisateurs incluent dans les r\u00e9seaux sociaux [en devenant des suiveurs du fournisseur dans les r\u00e9seaux sociaux (et \/ ou en r\u00e9alisant une action de lien ou de connexion via ceux-ci)] sera r\u00e9gi par la pr\u00e9sente section, ainsi que par les conditions d&rsquo;utilisation, les politiques de confidentialit\u00e9 et les r\u00e9glementations d&rsquo;acc\u00e8s et d&rsquo;utilisation des r\u00e9seaux sociaux en question et sont pr\u00e9alablement accept\u00e9es par l&rsquo;utilisateur.<br \/>\n<strong>JANEL\u00b4S I NEVIU, S.L.<\/strong> traitera vos donn\u00e9es afin de vous informer des activit\u00e9s, produits ou services du fournisseur par le biais de ces r\u00e9seaux sociaux, ainsi que pour toute autre fin autoris\u00e9e par la r\u00e9glementation sur les r\u00e9seaux sociaux, sans pour autant \u00eatre responsable de leurs politiques de confidentialit\u00e9.<\/p>\n<p>Les publications de contenu suivantes sont interdites:<\/p>\n<ul>\n<li>Consid\u00e9rant qu&rsquo;ils sont ill\u00e9gaux par des r\u00e9glementations nationales, communautaires ou internationales ou qu&rsquo;ils exercent des activit\u00e9s pr\u00e9tendument ill\u00e9gales ou contraires aux principes de bonne foi.<\/li>\n<li>Consid\u00e9rant qu&rsquo;ils menacent les droits fondamentaux des personnes, le manque de courtoisie dans le r\u00e9seau, agacent ou peuvent g\u00e9n\u00e9rer des avis n\u00e9gatifs sur nos utilisateurs ou des tiers et en g\u00e9n\u00e9ral quel que soit le contenu que <strong>JANEL\u00b4S I NEVIU, S.L.<\/strong> juge inappropri\u00e9.<\/li>\n<li>Et en g\u00e9n\u00e9ral, alors qu&rsquo;ils contreviennent aux principes de l\u00e9galit\u00e9, d&rsquo;honn\u00eatet\u00e9, de responsabilit\u00e9, de protection de la dignit\u00e9 humaine, de protection des mineurs, de protection de l&rsquo;ordre public, de protection de la vie priv\u00e9e, de protection des consommateurs et de droits de propri\u00e9t\u00e9 intellectuelle et industrielle.<\/li>\n<\/ul>\n<p><strong>JANEL\u00b4S I NEVIU, S.L.<\/strong> se r\u00e9serve le droit de supprimer, sans notification pr\u00e9alable du site Web ou du r\u00e9seau social d&rsquo;entreprise, les contenus jug\u00e9s inappropri\u00e9s.<\/p>\n<h4>8.- PROPRI\u00c9T\u00c9 INTELLECTUELLE ET INDUSTRIELLE<\/h4>\n<p>Le site Web, y compris, mais sans s&rsquo;y limiter, la programmation, l&rsquo;\u00e9dition, la compilation et les autres \u00e9l\u00e9ments n\u00e9cessaires \u00e0 son fonctionnement, les dessins, logos, textes, photographies et \/ ou graphiques sont tous la propri\u00e9t\u00e9 du fournisseur ou, le cas \u00e9ch\u00e9ant, de son utilisation un contrat de licence ou une autorisation expresse du (des) propri\u00e9taire (s). Tous les contenus du site sont d\u00fbment prot\u00e9g\u00e9s par les r\u00e8gles de la propri\u00e9t\u00e9 intellectuelle et industrielle.<br \/>\nQuel que soit le but pour lequel ils ont \u00e9t\u00e9 con\u00e7us, la reproduction totale ou partielle, l\u2019utilisation, la distribution et la communication publique n\u00e9cessitent une autorisation \u00e9crite pr\u00e9alable du fournisseur. Toute utilisation non pr\u00e9alablement autoris\u00e9e par le fournisseur sera consid\u00e9r\u00e9e comme une violation grave des droits de propri\u00e9t\u00e9 intellectuelle ou industrielle du ou des propri\u00e9taires.<br \/>\nLes dessins, logos, textes et \/ ou graphiques non li\u00e9s au fournisseur et susceptibles d&rsquo;appara\u00eetre sur le site Internet appartiennent \u00e0 leurs propri\u00e9taires respectifs et sont eux-m\u00eames responsables de tout litige pouvant survenir \u00e0 leur \u00e9gard. Dans tous les cas, le fournisseur a l&rsquo;autorisation expresse et pr\u00e9alable de ces propri\u00e9taires.<br \/>\nLe fournisseur reconna\u00eet, en faveur des propri\u00e9taires, leurs droits de propri\u00e9t\u00e9 industrielle et intellectuelle correspondants, par lesquels leur mention ou leur apparition sur le site Web n&rsquo;implique en aucun cas l&rsquo;existence de droits ou de la responsabilit\u00e9 du fournisseur sur eux, ni leur approbation, parrainage ou recommandation du m\u00eame.<br \/>\nPour toute observation concernant d&rsquo;\u00e9ventuelles violations des droits de propri\u00e9t\u00e9 intellectuelle ou industrielle, ainsi que de tout contenu du site Web, vous pouvez communiquer avec le fournisseur par le biais de l&rsquo;adresse de contact ci-dessus.<\/p>\n<h4>9.- DROIT APPLICABLE ET JURIDICTION<\/h4>\n<p>Pour la r\u00e9solution des litiges ou des probl\u00e8mes li\u00e9s \u00e0 ce site Web ou aux activit\u00e9s qui y sont d\u00e9velopp\u00e9es, ils sont r\u00e9gis par le droit applicable en Espagne, auquel les parties sont express\u00e9ment soumises, \u00e0 savoir les tribunaux de <strong>JANEL\u00b4S I NEVIU, S.L.<\/strong> en tant qu\u2019entit\u00e9s comp\u00e9tentes charg\u00e9es de r\u00e9soudre tous les litiges li\u00e9s \u00e0 l\u2019utilisation effectu\u00e9e par ces parties.<\/p>\n<p>&nbsp;<\/p>\n","protected":false},"excerpt":{"rendered":"<p>Afin de respecter l\u2019article 10 de la loi 34\/2002 sur les services de la soci\u00e9t\u00e9 de l\u2019information et du commerce \u00e9lectronique, nous informerons les utilisateurs des donn\u00e9es suivantes: Nom de la soci\u00e9t\u00e9: JANEL\u00b4S I NEVIU, S.L. Adresse de la soci\u00e9t\u00e9: \u00a0C\/ Sabino \u00a0Arana, 14-16\u00a0 Plta. 12\u00aa \u00a01\u00ba, 08028, (Barcelone) Num\u00e9ro d&rsquo;identification fiscale: B61312807 T\u00e9l\u00e9phone: 933002627 [&hellip;]<\/p>\n","protected":false},"author":2,"featured_media":0,"parent":0,"menu_order":0,"comment_status":"closed","ping_status":"open","template":"","meta":{"footnotes":""},"class_list":["post-5247","page","type-page","status-publish","hentry"],"yoast_head":"<!-- This site is optimized with the Yoast SEO plugin v20.3 - https:\/\/yoast.com\/wordpress\/plugins\/seo\/ -->\n<title>Conseils Juridiques - Novsus<\/title>\n<meta name=\"robots\" content=\"index, follow, max-snippet:-1, max-image-preview:large, max-video-preview:-1\" \/>\n<link rel=\"canonical\" href=\"https:\/\/novsus.com\/fr\/conseils-juridiques\/\" \/>\n<meta property=\"og:locale\" content=\"fr_FR\" \/>\n<meta property=\"og:type\" content=\"article\" \/>\n<meta property=\"og:title\" content=\"Conseils Juridiques - Novsus\" \/>\n<meta property=\"og:description\" content=\"Afin de respecter l\u2019article 10 de la loi 34\/2002 sur les services de la soci\u00e9t\u00e9 de l\u2019information et du commerce \u00e9lectronique, nous informerons les utilisateurs des donn\u00e9es suivantes: Nom de la soci\u00e9t\u00e9: JANEL\u00b4S I NEVIU, S.L. Adresse de la soci\u00e9t\u00e9: \u00a0C\/ Sabino \u00a0Arana, 14-16\u00a0 Plta. 12\u00aa \u00a01\u00ba, 08028, (Barcelone) Num\u00e9ro d&rsquo;identification fiscale: B61312807 T\u00e9l\u00e9phone: 933002627 [&hellip;]\" \/>\n<meta property=\"og:url\" content=\"https:\/\/novsus.com\/fr\/conseils-juridiques\/\" \/>\n<meta property=\"og:site_name\" content=\"Novsus\" \/>\n<meta property=\"article:modified_time\" content=\"2023-04-13T13:01:15+00:00\" \/>\n<meta name=\"twitter:card\" content=\"summary_large_image\" \/>\n<meta name=\"twitter:label1\" content=\"Dur\u00e9e de lecture estim\u00e9e\" \/>\n\t<meta name=\"twitter:data1\" content=\"10 minutes\" \/>\n<script type=\"application\/ld+json\" class=\"yoast-schema-graph\">{\"@context\":\"https:\/\/schema.org\",\"@graph\":[{\"@type\":\"WebPage\",\"@id\":\"https:\/\/novsus.com\/fr\/conseils-juridiques\/\",\"url\":\"https:\/\/novsus.com\/fr\/conseils-juridiques\/\",\"name\":\"Conseils Juridiques - Novsus\",\"isPartOf\":{\"@id\":\"https:\/\/novsus.com\/#website\"},\"datePublished\":\"2023-02-24T08:02:46+00:00\",\"dateModified\":\"2023-04-13T13:01:15+00:00\",\"breadcrumb\":{\"@id\":\"https:\/\/novsus.com\/fr\/conseils-juridiques\/#breadcrumb\"},\"inLanguage\":\"fr-FR\",\"potentialAction\":[{\"@type\":\"ReadAction\",\"target\":[\"https:\/\/novsus.com\/fr\/conseils-juridiques\/\"]}]},{\"@type\":\"BreadcrumbList\",\"@id\":\"https:\/\/novsus.com\/fr\/conseils-juridiques\/#breadcrumb\",\"itemListElement\":[{\"@type\":\"ListItem\",\"position\":1,\"name\":\"Portada\",\"item\":\"https:\/\/novsus.com\/fr\/\"},{\"@type\":\"ListItem\",\"position\":2,\"name\":\"Conseils Juridiques\"}]},{\"@type\":\"WebSite\",\"@id\":\"https:\/\/novsus.com\/#website\",\"url\":\"https:\/\/novsus.com\/\",\"name\":\"Novsus\",\"description\":\"\",\"publisher\":{\"@id\":\"https:\/\/novsus.com\/#organization\"},\"potentialAction\":[{\"@type\":\"SearchAction\",\"target\":{\"@type\":\"EntryPoint\",\"urlTemplate\":\"https:\/\/novsus.com\/?s={search_term_string}\"},\"query-input\":\"required name=search_term_string\"}],\"inLanguage\":\"fr-FR\"},{\"@type\":\"Organization\",\"@id\":\"https:\/\/novsus.com\/#organization\",\"name\":\"Novsus\",\"url\":\"https:\/\/novsus.com\/\",\"logo\":{\"@type\":\"ImageObject\",\"inLanguage\":\"fr-FR\",\"@id\":\"https:\/\/novsus.com\/#\/schema\/logo\/image\/\",\"url\":\"https:\/\/novsus.com\/wp-content\/uploads\/2023\/01\/Logo.png\",\"contentUrl\":\"https:\/\/novsus.com\/wp-content\/uploads\/2023\/01\/Logo.png\",\"width\":1837,\"height\":424,\"caption\":\"Novsus\"},\"image\":{\"@id\":\"https:\/\/novsus.com\/#\/schema\/logo\/image\/\"}}]}<\/script>\n<!-- \/ Yoast SEO plugin. -->","yoast_head_json":{"title":"Conseils Juridiques - Novsus","robots":{"index":"index","follow":"follow","max-snippet":"max-snippet:-1","max-image-preview":"max-image-preview:large","max-video-preview":"max-video-preview:-1"},"canonical":"https:\/\/novsus.com\/fr\/conseils-juridiques\/","og_locale":"fr_FR","og_type":"article","og_title":"Conseils Juridiques - Novsus","og_description":"Afin de respecter l\u2019article 10 de la loi 34\/2002 sur les services de la soci\u00e9t\u00e9 de l\u2019information et du commerce \u00e9lectronique, nous informerons les utilisateurs des donn\u00e9es suivantes: Nom de la soci\u00e9t\u00e9: JANEL\u00b4S I NEVIU, S.L. Adresse de la soci\u00e9t\u00e9: \u00a0C\/ Sabino \u00a0Arana, 14-16\u00a0 Plta. 12\u00aa \u00a01\u00ba, 08028, (Barcelone) Num\u00e9ro d&rsquo;identification fiscale: B61312807 T\u00e9l\u00e9phone: 933002627 [&hellip;]","og_url":"https:\/\/novsus.com\/fr\/conseils-juridiques\/","og_site_name":"Novsus","article_modified_time":"2023-04-13T13:01:15+00:00","twitter_card":"summary_large_image","twitter_misc":{"Dur\u00e9e de lecture estim\u00e9e":"10 minutes"},"schema":{"@context":"https:\/\/schema.org","@graph":[{"@type":"WebPage","@id":"https:\/\/novsus.com\/fr\/conseils-juridiques\/","url":"https:\/\/novsus.com\/fr\/conseils-juridiques\/","name":"Conseils Juridiques - Novsus","isPartOf":{"@id":"https:\/\/novsus.com\/#website"},"datePublished":"2023-02-24T08:02:46+00:00","dateModified":"2023-04-13T13:01:15+00:00","breadcrumb":{"@id":"https:\/\/novsus.com\/fr\/conseils-juridiques\/#breadcrumb"},"inLanguage":"fr-FR","potentialAction":[{"@type":"ReadAction","target":["https:\/\/novsus.com\/fr\/conseils-juridiques\/"]}]},{"@type":"BreadcrumbList","@id":"https:\/\/novsus.com\/fr\/conseils-juridiques\/#breadcrumb","itemListElement":[{"@type":"ListItem","position":1,"name":"Portada","item":"https:\/\/novsus.com\/fr\/"},{"@type":"ListItem","position":2,"name":"Conseils Juridiques"}]},{"@type":"WebSite","@id":"https:\/\/novsus.com\/#website","url":"https:\/\/novsus.com\/","name":"Novsus","description":"","publisher":{"@id":"https:\/\/novsus.com\/#organization"},"potentialAction":[{"@type":"SearchAction","target":{"@type":"EntryPoint","urlTemplate":"https:\/\/novsus.com\/?s={search_term_string}"},"query-input":"required name=search_term_string"}],"inLanguage":"fr-FR"},{"@type":"Organization","@id":"https:\/\/novsus.com\/#organization","name":"Novsus","url":"https:\/\/novsus.com\/","logo":{"@type":"ImageObject","inLanguage":"fr-FR","@id":"https:\/\/novsus.com\/#\/schema\/logo\/image\/","url":"https:\/\/novsus.com\/wp-content\/uploads\/2023\/01\/Logo.png","contentUrl":"https:\/\/novsus.com\/wp-content\/uploads\/2023\/01\/Logo.png","width":1837,"height":424,"caption":"Novsus"},"image":{"@id":"https:\/\/novsus.com\/#\/schema\/logo\/image\/"}}]}},"_links":{"self":[{"href":"https:\/\/novsus.com\/fr\/wp-json\/wp\/v2\/pages\/5247","targetHints":{"allow":["GET"]}}],"collection":[{"href":"https:\/\/novsus.com\/fr\/wp-json\/wp\/v2\/pages"}],"about":[{"href":"https:\/\/novsus.com\/fr\/wp-json\/wp\/v2\/types\/page"}],"author":[{"embeddable":true,"href":"https:\/\/novsus.com\/fr\/wp-json\/wp\/v2\/users\/2"}],"replies":[{"embeddable":true,"href":"https:\/\/novsus.com\/fr\/wp-json\/wp\/v2\/comments?post=5247"}],"version-history":[{"count":2,"href":"https:\/\/novsus.com\/fr\/wp-json\/wp\/v2\/pages\/5247\/revisions"}],"predecessor-version":[{"id":7082,"href":"https:\/\/novsus.com\/fr\/wp-json\/wp\/v2\/pages\/5247\/revisions\/7082"}],"wp:attachment":[{"href":"https:\/\/novsus.com\/fr\/wp-json\/wp\/v2\/media?parent=5247"}],"curies":[{"name":"wp","href":"https:\/\/api.w.org\/{rel}","templated":true}]}}