{"id":5237,"date":"2022-11-13T15:07:21","date_gmt":"2022-11-13T15:07:21","guid":{"rendered":"https:\/\/novsus.com\/?page_id=5237"},"modified":"2023-02-24T08:59:06","modified_gmt":"2023-02-24T08:59:06","slug":"politique-confidentialite","status":"publish","type":"page","link":"https:\/\/novsus.com\/fr\/politique-confidentialite\/","title":{"rendered":"Politique de Confidentialit\u00e9"},"content":{"rendered":"<p>Conform\u00e9ment au chapitre II de la loi 34\/2002, LSSICE, nous vous informons que ce site Web est la propri\u00e9t\u00e9 de JANEL\u00b4SI NEVIU, SL, d\u00e9sormais \u00e9galement du fournisseur, avec adresse C \/ CARACAS, 13-15 NAVE 24 08030, BARCELONE, num\u00e9ro de t\u00e9l\u00e9phone: 933002627 et email: info@janels.com<\/p>\n<p>JANEL\u00b4SI NEVIU, SL, est responsable de ce site Web et conform\u00e9ment aux dispositions de la r\u00e9glementation en vigueur sur la protection des donn\u00e9es \u00e0 caract\u00e8re personnel, R\u00e8glement (UE) 2016\/679 du 27 avril 2016 (GDPR) sur la protection des donn\u00e9es \u00e0 caract\u00e8re personnel. , en ce qui concerne le traitement des donn\u00e9es \u00e0 caract\u00e8re personnel et la libre circulation de ces donn\u00e9es, loi organique espagnole 15\/1999 du 13 d\u00e9cembre 1999 sur la protection des donn\u00e9es personnelles (LOPD) et loi 34\/2002 du 11 juillet du Services de la soci\u00e9t\u00e9 et du commerce \u00e9lectronique (LSSICE) a mis en \u0153uvre toutes les mesures de s\u00e9curit\u00e9, techniques et organisationnelles, d\u00e9finies par le d\u00e9cret royal espagnol 1720\/2007 du 21 d\u00e9cembre (qui d\u00e9veloppe la LOPD) afin de garantir et de prot\u00e9ger la confidentialit\u00e9, l\u2019int\u00e9grit\u00e9 et la disponibilit\u00e9 des informations. donn\u00e9es entr\u00e9es.<br \/>\nAux fins des dispositions de la LOPD, JANEL\u00b4S I NEVIU, S.L. vous informe que les informations que vous nous fournissez volontairement seront int\u00e9gr\u00e9es \u00e0 nos syst\u00e8mes d&rsquo;information afin de mener \u00e0 bien les proc\u00e9dures commerciales et administratives n\u00e9cessaires avec les utilisateurs du site. Les op\u00e9rations \u00e0 effectuer sont les suivantes: r\u00e9pondre aux demandes de renseignements et \/ ou fournir les informations demand\u00e9es par l&rsquo;utilisateur; effectuer la fourniture de services et \/ ou de produits souscrits ou souscrits par l&rsquo;utilisateur; mener toutes ces activit\u00e9s de JANEL\u00b4S I NEVIU, S.L. d\u00e9crit dans cet avis juridique et soumettez le bulletin d&rsquo;information du site Web.<\/p>\n<p>Le signataire garantit la v\u00e9racit\u00e9 des donn\u00e9es fournies et s&rsquo;engage \u00e0 communiquer toutes modifications qui pourraient survenir.<br \/>\nLe fournisseur, identifi\u00e9 par un ast\u00e9risque (*) dans les cases correspondantes du formulaire de contact, informe l&rsquo;utilisateur de ces obligations, en indiquant les donn\u00e9es n\u00e9cessaires. En indiquant et en entrant les donn\u00e9es, l&rsquo;utilisateur donne son consentement sans \u00e9quivoque \u00e0 JANEL\u00b4S I NEVIU, S.L. proc\u00e9der au traitement desdites donn\u00e9es fournies aux fins susmentionn\u00e9es.<br \/>\nLe fait de ne pas fournir les donn\u00e9es personnelles demand\u00e9es ou d&rsquo;accepter cette politique de protection des donn\u00e9es signifie qu&rsquo;il est impossible de s&rsquo;inscrire, de s&rsquo;enregistrer ou de recevoir des informations sur les produits et services du fournisseur.<br \/>\nConform\u00e9ment \u00e0 la r\u00e9glementation en vigueur en mati\u00e8re de protection des donn\u00e9es \u00e0 caract\u00e8re personnel, le prestataire respecte toutes les dispositions des r\u00e9glementations GDPR et LOPD relatives au traitement des donn\u00e9es \u00e0 caract\u00e8re personnel sous sa responsabilit\u00e9, conform\u00e9ment aux principes \u00e9nonc\u00e9s \u00e0 l&rsquo;article 5 de la RGPD et \u00e0 l&rsquo;article 4 de la LOPD, en vertu duquel ils sont trait\u00e9s de mani\u00e8re licite, loyale et transparente vis-\u00e0-vis de la partie int\u00e9ress\u00e9e et ad\u00e9quat, pertinent et limit\u00e9 \u00e0 ce qui est n\u00e9cessaire au regard des finalit\u00e9s pour lesquelles ils sont trait\u00e9s.<\/p>\n<p>Le CONTR\u00d4LEUR DE DONN\u00c9ES garantit qu&rsquo;il a mis en \u0153uvre les politiques techniques et organisationnelles appropri\u00e9es pour appliquer les mesures de s\u00e9curit\u00e9 \u00e9tablies par le GDPR et la LOPD afin de prot\u00e9ger les droits et les libert\u00e9s des utilisateurs.<br \/>\nConform\u00e9ment \u00e0 ces r\u00e9glementations, nous vous informons que vous avez le droit de demander l&rsquo;acc\u00e8s, la rectification, la portabilit\u00e9 et la suppression de vos donn\u00e9es ainsi que la limitation et l&rsquo;opposition \u00e0 votre traitement en contactant un repr\u00e9sentant C \/ CARACAS, 13-15 NAVE 24 08030 , BARCELONE, en envoyant un courrier \u00e9lectronique \u00e0 info@janels.com, En indiquant comme objet: \u00ab\u00a0LOPD, ARCO Rights\u00a0\u00bb, et en joignant une photocopie de votre pi\u00e8ce d&rsquo;identit\u00e9 ou toute autre identification l\u00e9gale similaire, comme indiqu\u00e9 par la loi. Vous avez le droit de retirer le consentement donn\u00e9 \u00e0 tout moment. Le retrait du consentement n&rsquo;affectera pas la l\u00e9galit\u00e9 du traitement effectu\u00e9 avant le retrait du consentement. Vous avez \u00e9galement le droit de soumettre une r\u00e9clamation \u00e0 l&rsquo;autorit\u00e9 de surveillance si vous pensez que vos droits peuvent avoir \u00e9t\u00e9 viol\u00e9s en ce qui concerne la protection de vos donn\u00e9es (agpd.es).<\/p>\n<h4>CONFIDENTIALIT\u00c9 ET TRANSFERT DE DONN\u00c9ES \u00c0 DES TIERS<\/h4>\n<p>Les informations que vous fournissez seront trait\u00e9es de mani\u00e8re confidentielle. Le fournisseur a adopt\u00e9 toutes les mesures techniques et organisationnelles et tous les niveaux de protection n\u00e9cessaires pour garantir la s\u00e9curit\u00e9 du traitement des donn\u00e9es et \u00e9viter leur alt\u00e9ration, perte, vol, traitement ou acc\u00e8s non autoris\u00e9, en fonction de l&rsquo;\u00e9tat de la technologie et de la technologie. nature des donn\u00e9es stock\u00e9es. De m\u00eame, il est \u00e9galement garanti que le traitement et l&rsquo;enregistrement dans les fichiers, programmes, syst\u00e8mes ou \u00e9quipements, locaux et centres sont conformes aux exigences et aux conditions d&rsquo;int\u00e9grit\u00e9 et de s\u00e9curit\u00e9 \u00e9tablies par la r\u00e9glementation en vigueur.<br \/>\nJANEL\u00b4S I NEVIU, S.L. ne transmettra pas de donn\u00e9es personnelles \u00e0 des tiers, sauf obligation l\u00e9gale. Toutefois, dans le cas o\u00f9 il serait transf\u00e9r\u00e9 \u00e0 un tiers, l&rsquo;utilisateur demanderait pr\u00e9alablement des informations lui demandant le consentement expr\u00e8s pour une telle cession. L&rsquo;entit\u00e9 responsable de la base de donn\u00e9es, ainsi que ceux qui interviennent \u00e0 n&rsquo;importe quelle phase du traitement, et \/ ou les entit\u00e9s. auxquels ils ont \u00e9t\u00e9 notifi\u00e9s &#8211; dans tous les cas toujours avec l&rsquo;autorisation correspondante accord\u00e9e par l&rsquo;utilisateur -, sont tenus de respecter le secret professionnel, l&rsquo;adoption de niveaux de protection ainsi que les mesures techniques et organisationnelles n\u00e9cessaires pour assurer la s\u00e9curit\u00e9 des donn\u00e9es \u00e0 caract\u00e8re personnel en \u00e9vitant, dans la mesure du possible, les acc\u00e8s non autoris\u00e9s, les modifications ill\u00e9gales, les soustractions et \/ ou les pertes de donn\u00e9es, afin de garantir le niveau de s\u00e9curit\u00e9 correspondant aux fichiers des fournisseurs, en fonction de la nature et du caract\u00e8re sensible des donn\u00e9es fournies par les utilisateurs de ce site.<\/p>\n<h4>ACCEPTATION ET CONSENTEMENT<\/h4>\n<p>L&rsquo;utilisateur d\u00e9clare avoir \u00e9t\u00e9 inform\u00e9 des conditions relatives \u00e0 la protection des donn\u00e9es personnelles, en acceptant et consentant \u00e0 son traitement automatique par JANEL\u00b4S I NEVIU, S.L. de la mani\u00e8re et aux fins indiqu\u00e9es dans la pr\u00e9sente politique de protection des donn\u00e9es personnelles.<br \/>\nPar le biais de cette politique de confidentialit\u00e9, nous vous informons que les photographies publi\u00e9es sur le site Web sont la propri\u00e9t\u00e9 de JANEL\u00b4SI NEVIU, SL, y compris celles de mineurs, pour lesquels, le consentement pr\u00e9alable de parents ou tuteurs a \u00e9t\u00e9 obtenu. , ou des repr\u00e9sentants l\u00e9gaux en signant les formulaires \u00e9tablis \u00e0 cet effet par les centres dans lesquels les mineurs font partie. Cependant, les parents, les tuteurs ou les repr\u00e9sentants des mineurs, en tant que titulaires l\u00e9gaux des droits des mineurs mentionn\u00e9s pr\u00e9c\u00e9demment, et toujours en pr\u00e9sentant une demande \u00e9crite pr\u00e9alable, peuvent indiquer le refus d&rsquo;utiliser l&rsquo;image du mineur; dans ce cas, l&rsquo;image sera affich\u00e9e sous une forme pixelis\u00e9e.<\/p>\n<h4>PR\u00c9CISION ET V\u00c9RIT\u00c9 DES DONN\u00c9ES<\/h4>\n<p>L&rsquo;utilisateur est seul responsable de l&rsquo;exactitude et de la v\u00e9racit\u00e9 des donn\u00e9es envoy\u00e9es \u00e0 JANEL\u00b4S I NEVIU, S.L., exon\u00e9rant le fournisseur de toute responsabilit\u00e9 \u00e0 cet \u00e9gard. Les utilisateurs garantissent et sont tenus responsables, dans tous les cas, de l&rsquo;exactitude, de la validit\u00e9 et de l&rsquo;authenticit\u00e9 des donn\u00e9es personnelles fournies, et s&rsquo;engagent \u00e0 les mettre \u00e0 jour correctement. L&rsquo;utilisateur s&rsquo;engage \u00e0 fournir des informations compl\u00e8tes et correctes dans le formulaire d&rsquo;inscription ou d&rsquo;abonnement.<\/p>\n<h4>CONTENU DES WEBLINKS<\/h4>\n<p>JANEL\u00b4S I NEVIU, S.L. se r\u00e9serve le droit de mettre \u00e0 jour, de modifier ou d&rsquo;\u00e9liminer les informations contenues dans le site Web, et peut m\u00eame limiter ou refuser l&rsquo;acc\u00e8s aux informations.<br \/>\nJANEL\u00b4S I NEVIU, S.L. n&rsquo;assume aucune responsabilit\u00e9 vis-\u00e0-vis des informations contenues dans les sites Web de tiers accessibles via les liens de n&rsquo;importe quel site Web appartenant au fournisseur.<br \/>\nLa pr\u00e9sence de liens a un but informatif et n&rsquo;implique en aucun cas une suggestion, une invitation ou une reconnaissance de leur part.<\/p>\n<h4>SOUMISSION DU CV (CURRICULUM VITAE)<\/h4>\n<p>Dans le cas o\u00f9 l&rsquo;utilisateur soumet son CV via notre site Web, nous l&rsquo;informons que les informations fournies seront trait\u00e9es de mani\u00e8re \u00e0 ce qu&rsquo;il participe au processus de s\u00e9lection, en r\u00e9alisant une analyse du profil du candidat afin de s\u00e9lectionner le meilleur candidat. pour la vacance du responsable. Nous vous informons qu&rsquo;il s&rsquo;agit de la seule proc\u00e9dure officielle pour accepter votre CV. Par cons\u00e9quent, les CV soumis via une autre proc\u00e9dure ne seront pas accept\u00e9s. En cas de modification des donn\u00e9es, veuillez nous en informer par \u00e9crit dans les plus brefs d\u00e9lais afin de maintenir vos donn\u00e9es \u00e0 jour correctement.<br \/>\nLes donn\u00e9es seront conserv\u00e9es pendant une p\u00e9riode maximale d&rsquo;un an, \u00e0 la suite de quoi elles seront effac\u00e9es, garantissant un respect total de la confidentialit\u00e9, \u00e0 la fois dans le traitement et dans sa destruction ult\u00e9rieure. En ce sens, une fois le d\u00e9lai susmentionn\u00e9 \u00e9coul\u00e9, et si vous souhaitez continuer \u00e0 participer au processus de s\u00e9lection de la partie responsable, veuillez soumettre \u00e0 nouveau votre CV.<br \/>\nLes donn\u00e9es peuvent \u00eatre trait\u00e9es et \/ ou communiqu\u00e9es aux soci\u00e9t\u00e9s membres de notre groupe pendant la p\u00e9riode de conservation du programme et aux m\u00eames fins que celles d\u00e9crites pr\u00e9c\u00e9demment.<\/p>\n<h4>ABONNEMENT AU BLOGUE<\/h4>\n<p>Dans le cas o\u00f9 l&rsquo;utilisateur s&rsquo;abonne au blog, nous vous informons que les informations fournies seront trait\u00e9es afin de g\u00e9rer votre abonnement au blog d&rsquo;information avec des notifications de mise \u00e0 jour et qu&rsquo;elles seront conserv\u00e9es jusqu&rsquo;\u00e0 ce qu&rsquo;il y ait un int\u00e9r\u00eat mutuel d&rsquo;arriver jusqu&rsquo;\u00e0 la fin du mois. le traitement. Lorsqu&rsquo;elles ne seront plus n\u00e9cessaires \u00e0 cet effet, elles seront \u00e9limin\u00e9es avec des mesures de s\u00e9curit\u00e9 ad\u00e9quates pour garantir le pseudonymisation des donn\u00e9es ou leur destruction totale. Les donn\u00e9es ne seront pas communiqu\u00e9es \u00e0 des tiers, sauf obligation l\u00e9gale de le faire.<\/p>\n<h4>PARTICIPATION AU FORUM<\/h4>\n<p>Dans le cas o\u00f9 l&rsquo;utilisateur souhaite participer aux forums Web, nous l&rsquo;informons que les donn\u00e9es fournies seront trait\u00e9es afin de r\u00e9glementer la participation \u00e0 ces forums. Toute inscription ou transmission de donn\u00e9es personnelles fournie par l&rsquo;utilisateur sur ce forum implique la connaissance sans \u00e9quivoque et l&rsquo;acceptation de la mention l\u00e9gale et de la politique de confidentialit\u00e9 \u00e9nonc\u00e9es sur le site Web. Les donn\u00e9es seront conserv\u00e9es tant qu&rsquo;il y a un int\u00e9r\u00eat mutuel \u00e0 arriver \u00e0 la fin du traitement et si cela n&rsquo;est plus n\u00e9cessaire \u00e0 cet effet, il sera supprim\u00e9 avec des mesures visant \u00e0 garantir la pseudonymisation des donn\u00e9es ou la destruction totale des donn\u00e9es. Les donn\u00e9es ne seront pas communiqu\u00e9es \u00e0 des tiers, sauf obligation l\u00e9gale de le faire.<\/p>\n<h4>PARTICIPATION AU FORUM<\/h4>\n<p>Dans le cas o\u00f9 l&rsquo;utilisateur souhaite participer aux forums Web, nous l&rsquo;informons que les donn\u00e9es fournies seront trait\u00e9es afin de r\u00e9glementer la participation \u00e0 ces forums. Toute inscription ou transmission de donn\u00e9es personnelles fournie par l&rsquo;utilisateur sur ce forum implique la connaissance sans \u00e9quivoque et l&rsquo;acceptation de la mention l\u00e9gale et de la politique de confidentialit\u00e9 \u00e9nonc\u00e9es sur le site Web. Les donn\u00e9es seront conserv\u00e9es tant qu&rsquo;il y a un int\u00e9r\u00eat mutuel \u00e0 arriver \u00e0 la fin du traitement et si ce n&rsquo;est plus n\u00e9cessaire \u00e0 cet effet, elles seront supprim\u00e9es par des mesures de s\u00e9curit\u00e9 ad\u00e9quates pour garantir la pseudonymisation des donn\u00e9es ou la destruction totale. des donn\u00e9es. Les publications seront expos\u00e9es publiquement aux utilisateurs du forum en ligne.<\/p>\n<h4>PUBLICATION DU T\u00c9MOIGNAGE<\/h4>\n<p>Si l&rsquo;utilisateur souhaite publier son avis sur le Web, nous vous informons que les informations fournies seront \u00e9valu\u00e9es en fonction des suggestions, exp\u00e9riences ou opinions propos\u00e9es concernant les produits et \/ ou services afin d&rsquo;\u00eatre publi\u00e9es sur le site. en vue d&rsquo;aider d&rsquo;autres utilisateurs. Les donn\u00e9es seront conserv\u00e9es tant qu&rsquo;il est d&rsquo;un int\u00e9r\u00eat mutuel \u00e0 maintenir jusqu&rsquo;\u00e0 la fin de l&rsquo;accord et si cela n&rsquo;est plus n\u00e9cessaire \u00e0 cet effet, elles seront supprim\u00e9es par des mesures de s\u00e9curit\u00e9 ad\u00e9quates garantissant la pseudonymisation des donn\u00e9es ou la destruction totale. des donn\u00e9es. Les t\u00e9moignages seront publi\u00e9s sur notre site. Les seules donn\u00e9es personnelles qui seront publi\u00e9es concernant l&rsquo;auteur du t\u00e9moignage seront son nom.<\/p>\n<h4>MODIFICATIONS DE CETTE POLITIQUE DE CONFIDENTIALIT\u00c9<\/h4>\n<p>JANEL\u00b4S I NEVIU, S.L. se r\u00e9serve le droit de modifier la politique en vigueur afin de l&rsquo;adapter \u00e0 la nouvelle l\u00e9gislation ou \u00e0 la jurisprudence.<\/p>\n<h4>COURRIER COMMERCIAL<\/h4>\n<p>JANEL\u00b4S I NEVIU, S.L. se r\u00e9serve le droit de modifier la politique en vigueur afin de l&rsquo;adapter \u00e0 la nouvelle l\u00e9gislation ou \u00e0 la jurisprudence.<br \/>\nSelon le LSSICE, JANEL\u00b4S I NEVIU, S.L. n&rsquo;effectue pas de pratiques anti-spam, par cons\u00e9quent, il n&rsquo;envoie pas d&rsquo;e-mails commerciaux qui n&rsquo;ont pas \u00e9t\u00e9 pr\u00e9alablement demand\u00e9s ou autoris\u00e9s par l&rsquo;utilisateur. En cons\u00e9quence, dans chacune des formes de la page Web, l&rsquo;utilisateur a la possibilit\u00e9 de donner son consentement expr\u00e8s \u00e0 la r\u00e9ception de notre bulletin par e-mail, ind\u00e9pendamment des informations commerciales ponctuellement demand\u00e9es.<\/p>\n<h4>L\u00c9GISLATION<\/h4>\n<p>\u00c0 toutes fins utiles, les relations entre JANEL\u00b4S I NEVIU, S.L. et les utilisateurs de ses services t\u00e9l\u00e9matiques, pr\u00e9sents sur ce site Web, sont soumis \u00e0 la l\u00e9gislation et \u00e0 la juridiction espagnoles, auxquelles les parties se soumettent express\u00e9ment, \u00e9tant comp\u00e9tents pour la r\u00e9solution de tout litige n\u00e9 ou li\u00e9 \u00e0 leur utilisation par les tribunaux de Barcelone.<\/p>\n<p>&nbsp;<\/p>\n","protected":false},"excerpt":{"rendered":"<p>Conform\u00e9ment au chapitre II de la loi 34\/2002, LSSICE, nous vous informons que ce site Web est la propri\u00e9t\u00e9 de JANEL\u00b4SI NEVIU, SL, d\u00e9sormais \u00e9galement du fournisseur, avec adresse C \/ CARACAS, 13-15 NAVE 24 08030, BARCELONE, num\u00e9ro de t\u00e9l\u00e9phone: 933002627 et email: info@janels.com JANEL\u00b4SI NEVIU, SL, est responsable de ce site Web et conform\u00e9ment [&hellip;]<\/p>\n","protected":false},"author":2,"featured_media":0,"parent":0,"menu_order":0,"comment_status":"closed","ping_status":"open","template":"","meta":{"footnotes":""},"class_list":["post-5237","page","type-page","status-publish","hentry"],"yoast_head":"<!-- This site is optimized with the Yoast SEO plugin v20.3 - https:\/\/yoast.com\/wordpress\/plugins\/seo\/ -->\n<title>Politique de Confidentialit\u00e9 - Novsus<\/title>\n<meta name=\"robots\" content=\"index, follow, max-snippet:-1, max-image-preview:large, max-video-preview:-1\" \/>\n<link rel=\"canonical\" href=\"https:\/\/novsus.com\/fr\/politique-confidentialite\/\" \/>\n<meta property=\"og:locale\" content=\"fr_FR\" \/>\n<meta property=\"og:type\" content=\"article\" \/>\n<meta property=\"og:title\" content=\"Politique de Confidentialit\u00e9 - Novsus\" \/>\n<meta property=\"og:description\" content=\"Conform\u00e9ment au chapitre II de la loi 34\/2002, LSSICE, nous vous informons que ce site Web est la propri\u00e9t\u00e9 de JANEL\u00b4SI NEVIU, SL, d\u00e9sormais \u00e9galement du fournisseur, avec adresse C \/ CARACAS, 13-15 NAVE 24 08030, BARCELONE, num\u00e9ro de t\u00e9l\u00e9phone: 933002627 et email: info@janels.com JANEL\u00b4SI NEVIU, SL, est responsable de ce site Web et conform\u00e9ment [&hellip;]\" \/>\n<meta property=\"og:url\" content=\"https:\/\/novsus.com\/fr\/politique-confidentialite\/\" \/>\n<meta property=\"og:site_name\" content=\"Novsus\" \/>\n<meta property=\"article:modified_time\" content=\"2023-02-24T08:59:06+00:00\" \/>\n<meta name=\"twitter:card\" content=\"summary_large_image\" \/>\n<meta name=\"twitter:label1\" content=\"Dur\u00e9e de lecture estim\u00e9e\" \/>\n\t<meta name=\"twitter:data1\" content=\"10 minutes\" \/>\n<script type=\"application\/ld+json\" class=\"yoast-schema-graph\">{\"@context\":\"https:\/\/schema.org\",\"@graph\":[{\"@type\":\"WebPage\",\"@id\":\"https:\/\/novsus.com\/fr\/politique-confidentialite\/\",\"url\":\"https:\/\/novsus.com\/fr\/politique-confidentialite\/\",\"name\":\"Politique de Confidentialit\u00e9 - Novsus\",\"isPartOf\":{\"@id\":\"https:\/\/novsus.com\/#website\"},\"datePublished\":\"2022-11-13T15:07:21+00:00\",\"dateModified\":\"2023-02-24T08:59:06+00:00\",\"breadcrumb\":{\"@id\":\"https:\/\/novsus.com\/fr\/politique-confidentialite\/#breadcrumb\"},\"inLanguage\":\"fr-FR\",\"potentialAction\":[{\"@type\":\"ReadAction\",\"target\":[\"https:\/\/novsus.com\/fr\/politique-confidentialite\/\"]}]},{\"@type\":\"BreadcrumbList\",\"@id\":\"https:\/\/novsus.com\/fr\/politique-confidentialite\/#breadcrumb\",\"itemListElement\":[{\"@type\":\"ListItem\",\"position\":1,\"name\":\"Portada\",\"item\":\"https:\/\/novsus.com\/fr\/\"},{\"@type\":\"ListItem\",\"position\":2,\"name\":\"Politique de Confidentialit\u00e9\"}]},{\"@type\":\"WebSite\",\"@id\":\"https:\/\/novsus.com\/#website\",\"url\":\"https:\/\/novsus.com\/\",\"name\":\"Novsus\",\"description\":\"\",\"publisher\":{\"@id\":\"https:\/\/novsus.com\/#organization\"},\"potentialAction\":[{\"@type\":\"SearchAction\",\"target\":{\"@type\":\"EntryPoint\",\"urlTemplate\":\"https:\/\/novsus.com\/?s={search_term_string}\"},\"query-input\":\"required name=search_term_string\"}],\"inLanguage\":\"fr-FR\"},{\"@type\":\"Organization\",\"@id\":\"https:\/\/novsus.com\/#organization\",\"name\":\"Novsus\",\"url\":\"https:\/\/novsus.com\/\",\"logo\":{\"@type\":\"ImageObject\",\"inLanguage\":\"fr-FR\",\"@id\":\"https:\/\/novsus.com\/#\/schema\/logo\/image\/\",\"url\":\"https:\/\/novsus.com\/wp-content\/uploads\/2023\/01\/Logo.png\",\"contentUrl\":\"https:\/\/novsus.com\/wp-content\/uploads\/2023\/01\/Logo.png\",\"width\":1837,\"height\":424,\"caption\":\"Novsus\"},\"image\":{\"@id\":\"https:\/\/novsus.com\/#\/schema\/logo\/image\/\"}}]}<\/script>\n<!-- \/ Yoast SEO plugin. -->","yoast_head_json":{"title":"Politique de Confidentialit\u00e9 - Novsus","robots":{"index":"index","follow":"follow","max-snippet":"max-snippet:-1","max-image-preview":"max-image-preview:large","max-video-preview":"max-video-preview:-1"},"canonical":"https:\/\/novsus.com\/fr\/politique-confidentialite\/","og_locale":"fr_FR","og_type":"article","og_title":"Politique de Confidentialit\u00e9 - Novsus","og_description":"Conform\u00e9ment au chapitre II de la loi 34\/2002, LSSICE, nous vous informons que ce site Web est la propri\u00e9t\u00e9 de JANEL\u00b4SI NEVIU, SL, d\u00e9sormais \u00e9galement du fournisseur, avec adresse C \/ CARACAS, 13-15 NAVE 24 08030, BARCELONE, num\u00e9ro de t\u00e9l\u00e9phone: 933002627 et email: info@janels.com JANEL\u00b4SI NEVIU, SL, est responsable de ce site Web et conform\u00e9ment [&hellip;]","og_url":"https:\/\/novsus.com\/fr\/politique-confidentialite\/","og_site_name":"Novsus","article_modified_time":"2023-02-24T08:59:06+00:00","twitter_card":"summary_large_image","twitter_misc":{"Dur\u00e9e de lecture estim\u00e9e":"10 minutes"},"schema":{"@context":"https:\/\/schema.org","@graph":[{"@type":"WebPage","@id":"https:\/\/novsus.com\/fr\/politique-confidentialite\/","url":"https:\/\/novsus.com\/fr\/politique-confidentialite\/","name":"Politique de Confidentialit\u00e9 - Novsus","isPartOf":{"@id":"https:\/\/novsus.com\/#website"},"datePublished":"2022-11-13T15:07:21+00:00","dateModified":"2023-02-24T08:59:06+00:00","breadcrumb":{"@id":"https:\/\/novsus.com\/fr\/politique-confidentialite\/#breadcrumb"},"inLanguage":"fr-FR","potentialAction":[{"@type":"ReadAction","target":["https:\/\/novsus.com\/fr\/politique-confidentialite\/"]}]},{"@type":"BreadcrumbList","@id":"https:\/\/novsus.com\/fr\/politique-confidentialite\/#breadcrumb","itemListElement":[{"@type":"ListItem","position":1,"name":"Portada","item":"https:\/\/novsus.com\/fr\/"},{"@type":"ListItem","position":2,"name":"Politique de Confidentialit\u00e9"}]},{"@type":"WebSite","@id":"https:\/\/novsus.com\/#website","url":"https:\/\/novsus.com\/","name":"Novsus","description":"","publisher":{"@id":"https:\/\/novsus.com\/#organization"},"potentialAction":[{"@type":"SearchAction","target":{"@type":"EntryPoint","urlTemplate":"https:\/\/novsus.com\/?s={search_term_string}"},"query-input":"required name=search_term_string"}],"inLanguage":"fr-FR"},{"@type":"Organization","@id":"https:\/\/novsus.com\/#organization","name":"Novsus","url":"https:\/\/novsus.com\/","logo":{"@type":"ImageObject","inLanguage":"fr-FR","@id":"https:\/\/novsus.com\/#\/schema\/logo\/image\/","url":"https:\/\/novsus.com\/wp-content\/uploads\/2023\/01\/Logo.png","contentUrl":"https:\/\/novsus.com\/wp-content\/uploads\/2023\/01\/Logo.png","width":1837,"height":424,"caption":"Novsus"},"image":{"@id":"https:\/\/novsus.com\/#\/schema\/logo\/image\/"}}]}},"_links":{"self":[{"href":"https:\/\/novsus.com\/fr\/wp-json\/wp\/v2\/pages\/5237","targetHints":{"allow":["GET"]}}],"collection":[{"href":"https:\/\/novsus.com\/fr\/wp-json\/wp\/v2\/pages"}],"about":[{"href":"https:\/\/novsus.com\/fr\/wp-json\/wp\/v2\/types\/page"}],"author":[{"embeddable":true,"href":"https:\/\/novsus.com\/fr\/wp-json\/wp\/v2\/users\/2"}],"replies":[{"embeddable":true,"href":"https:\/\/novsus.com\/fr\/wp-json\/wp\/v2\/comments?post=5237"}],"version-history":[{"count":1,"href":"https:\/\/novsus.com\/fr\/wp-json\/wp\/v2\/pages\/5237\/revisions"}],"predecessor-version":[{"id":5238,"href":"https:\/\/novsus.com\/fr\/wp-json\/wp\/v2\/pages\/5237\/revisions\/5238"}],"wp:attachment":[{"href":"https:\/\/novsus.com\/fr\/wp-json\/wp\/v2\/media?parent=5237"}],"curies":[{"name":"wp","href":"https:\/\/api.w.org\/{rel}","templated":true}]}}